{"id":2674,"date":"2019-12-24T12:46:28","date_gmt":"2019-12-24T11:46:28","guid":{"rendered":"https:\/\/www.numerus21.fr\/?page_id=2674"},"modified":"2020-02-17T13:29:53","modified_gmt":"2020-02-17T12:29:53","slug":"prestations","status":"publish","type":"page","link":"https:\/\/www.numerus21.fr\/en\/prestations\/","title":{"rendered":"notre savoir faire"},"content":{"rendered":"<div class=\"vc_row section-element\">\n\t<div class=\"vc_col-sm-12\">\n\t\t\t<div class=\"vc_separator wpb_content_element vc_separator_align_center vc_sep_width_100 vc_sep_pos_align_center vc_sep_color_grey wpb_animate_when_almost_visible wpb_slideInDown slideInDown vc_separator-has-text\" ><span class=\"vc_sep_holder vc_sep_holder_l\"><span  class=\"vc_sep_line\"><\/span><\/span><div class=\"vc_icon_element vc_icon_element-outer vc_icon_element-align-left\"><div class=\"vc_icon_element-inner vc_icon_element-color-blue vc_icon_element-size-md vc_icon_element-style- vc_icon_element-background-color-grey\" ><span class=\"vc_icon_element-icon fa fa-check\" ><\/span><\/div><\/div><h4>An end-to-end service<\/h4><span class=\"vc_sep_holder vc_sep_holder_r\"><span  class=\"vc_sep_line\"><\/span><\/span>\n<\/div><div class=\"vc_row section\"><div class=\"wpb_column vc_column_container vc_col-sm-8\"><div class=\"vc_column-inner\"><div class=\"wpb_wrapper\"><div class=\"vc_empty_space\"   style=\"height: 60px\"><span class=\"vc_empty_space_inner\"><\/span><\/div>\n\t<div class=\"wpb_text_column wpb_content_element  wpb_animate_when_almost_visible wpb_slideInLeft slideInLeft\">\n\t\t\t<ul>\n<li>NUMERUS21's service covers all the study phase of a deployment<\/li>\n<li id=\"list\"><span id=\"para\"> FTTH regardless of the type of zone (ZTD, ZMD, ZPD)<\/span><\/li>\n<li>preliminary project summary<\/li>\n<li>detailed project proposal<\/li>\n<\/ul>\n\n\t<\/div> <\/div><\/div><\/div><div class=\"wpb_column vc_column_container vc_col-sm-4\"><div class=\"vc_column-inner\"><div class=\"wpb_wrapper\">\n\t<div  class=\"wpb_single_image wpb_content_element vc_align_right  wpb_animate_when_almost_visible wpb_slideInRight slideInRight\">\n\t\t\n\t\t<figure class=\"wpb_wrapper vc_figure\">\n\t\t\t<a data-rel=\"prettyPhoto[rel-2674-4079748530]\" href=\"https:\/\/www.numerus21.fr\/wp-content\/uploads\/2019\/12\/Image1-1-1024x779.png\" target=\"_self\" class=\"vc_single_image-wrapper   vc_box_border_grey prettyphoto\"><img loading=\"lazy\" decoding=\"async\" width=\"1920\" height=\"1460\" src=\"https:\/\/www.numerus21.fr\/wp-content\/uploads\/2019\/12\/Image1-1.png\" class=\"vc_single_image-img attachment-full\" alt=\"\" srcset=\"https:\/\/www.numerus21.fr\/wp-content\/uploads\/2019\/12\/Image1-1.png 1920w, https:\/\/www.numerus21.fr\/wp-content\/uploads\/2019\/12\/Image1-1-300x228.png 300w, https:\/\/www.numerus21.fr\/wp-content\/uploads\/2019\/12\/Image1-1-1024x779.png 1024w, https:\/\/www.numerus21.fr\/wp-content\/uploads\/2019\/12\/Image1-1-768x584.png 768w, https:\/\/www.numerus21.fr\/wp-content\/uploads\/2019\/12\/Image1-1-1536x1168.png 1536w\" sizes=\"auto, (max-width: 1920px) 100vw, 1920px\" \/><\/a>\n\t\t<\/figure>\n\t<\/div>\n<\/div><\/div><\/div><\/div><div class=\"vc_separator wpb_content_element vc_separator_align_center vc_sep_width_100 vc_sep_pos_align_center vc_sep_color_grey wpb_animate_when_almost_visible wpb_slideInDown slideInDown vc_separator-has-text\" ><span class=\"vc_sep_holder vc_sep_holder_l\"><span  class=\"vc_sep_line\"><\/span><\/span><div class=\"vc_icon_element vc_icon_element-outer vc_icon_element-align-left\"><div class=\"vc_icon_element-inner vc_icon_element-color-blue vc_icon_element-size-md vc_icon_element-style- vc_icon_element-background-color-grey\" ><span class=\"vc_icon_element-icon fa fa-check\" ><\/span><\/div><\/div><h4>Study under the control of a process<\/h4><span class=\"vc_sep_holder vc_sep_holder_r\"><span  class=\"vc_sep_line\"><\/span><\/span>\n<\/div>\n\t<\/div> \n<\/div><div class=\"vc_row section-element\">\n\t<div class=\"vc_col-sm-12\">\n\t\t\t\n\t<div  class=\"wpb_single_image wpb_content_element vc_align_center  wpb_animate_when_almost_visible wpb_fadeIn fadeIn\">\n\t\t\n\t\t<figure class=\"wpb_wrapper vc_figure\">\n\t\t\t<div class=\"vc_single_image-wrapper   vc_box_border_grey\"><img loading=\"lazy\" decoding=\"async\" width=\"1927\" height=\"892\" src=\"https:\/\/www.numerus21.fr\/wp-content\/uploads\/2020\/01\/Image2.png\" class=\"vc_single_image-img attachment-full\" alt=\"\" srcset=\"https:\/\/www.numerus21.fr\/wp-content\/uploads\/2020\/01\/Image2.png 1927w, https:\/\/www.numerus21.fr\/wp-content\/uploads\/2020\/01\/Image2-300x139.png 300w, https:\/\/www.numerus21.fr\/wp-content\/uploads\/2020\/01\/Image2-1024x474.png 1024w, https:\/\/www.numerus21.fr\/wp-content\/uploads\/2020\/01\/Image2-768x356.png 768w, https:\/\/www.numerus21.fr\/wp-content\/uploads\/2020\/01\/Image2-1536x711.png 1536w\" sizes=\"auto, (max-width: 1927px) 100vw, 1927px\" \/><\/div>\n\t\t<\/figure>\n\t<\/div>\n\n\t<\/div> \n<\/div><div class=\"vc_row section-element\">\n\t<div class=\"vc_col-sm-12\">\n\t\t\t<div class=\"vc_separator wpb_content_element vc_separator_align_center vc_sep_width_100 vc_sep_pos_align_center vc_sep_color_grey wpb_animate_when_almost_visible wpb_slideInDown slideInDown vc_separator-has-text\" ><span class=\"vc_sep_holder vc_sep_holder_l\"><span  class=\"vc_sep_line\"><\/span><\/span><div class=\"vc_icon_element vc_icon_element-outer vc_icon_element-align-left\"><div class=\"vc_icon_element-inner vc_icon_element-color-blue vc_icon_element-size-md vc_icon_element-style- vc_icon_element-background-color-grey\" ><span class=\"vc_icon_element-icon fa fa-check\" ><\/span><\/div><\/div><h4>deliverables adapted to the requirements of our customers<\/h4><span class=\"vc_sep_holder vc_sep_holder_r\"><span  class=\"vc_sep_line\"><\/span><\/span>\n<\/div>\n\t<\/div> \n<\/div><div class=\"vc_row section-element\">\n\t<div class=\"vc_col-sm-1\/5\">\n\t\t\t\n\t<div  class=\"wpb_single_image wpb_content_element vc_align_left  wpb_animate_when_almost_visible wpb_slideInLeft slideInLeft\">\n\t\t\n\t\t<figure class=\"wpb_wrapper vc_figure\">\n\t\t\t<div class=\"vc_single_image-wrapper   vc_box_border_grey\"><img loading=\"lazy\" decoding=\"async\" width=\"420\" height=\"121\" src=\"https:\/\/www.numerus21.fr\/wp-content\/uploads\/2019\/12\/001.png\" class=\"vc_single_image-img attachment-full\" alt=\"\" srcset=\"https:\/\/www.numerus21.fr\/wp-content\/uploads\/2019\/12\/001.png 420w, https:\/\/www.numerus21.fr\/wp-content\/uploads\/2019\/12\/001-300x86.png 300w\" sizes=\"auto, (max-width: 420px) 100vw, 420px\" \/><\/div>\n\t\t<\/figure>\n\t<\/div>\n\n\t<\/div> \n\n\t<div class=\"vc_col-sm-1\/5\">\n\t\t\t\n\t<div  class=\"wpb_single_image wpb_content_element vc_align_right  wpb_animate_when_almost_visible wpb_slideInLeft slideInLeft\">\n\t\t\n\t\t<figure class=\"wpb_wrapper vc_figure\">\n\t\t\t<div class=\"vc_single_image-wrapper   vc_box_border_grey\"><img loading=\"lazy\" decoding=\"async\" width=\"71\" height=\"83\" src=\"https:\/\/www.numerus21.fr\/wp-content\/uploads\/2019\/12\/2.png\" class=\"vc_single_image-img attachment-full\" alt=\"\" \/><\/div>\n\t\t<\/figure>\n\t<\/div>\n\n\t<\/div> \n\n\t<div class=\"vc_col-sm-1\/5\">\n\t\t\t\n\t<div  class=\"wpb_single_image wpb_content_element vc_align_left  wpb_animate_when_almost_visible wpb_slideInLeft slideInLeft\">\n\t\t\n\t\t<figure class=\"wpb_wrapper vc_figure\">\n\t\t\t<div class=\"vc_single_image-wrapper   vc_box_border_grey\"><img loading=\"lazy\" decoding=\"async\" width=\"358\" height=\"118\" src=\"https:\/\/www.numerus21.fr\/wp-content\/uploads\/2019\/12\/002.png\" class=\"vc_single_image-img attachment-full\" alt=\"\" srcset=\"https:\/\/www.numerus21.fr\/wp-content\/uploads\/2019\/12\/002.png 358w, https:\/\/www.numerus21.fr\/wp-content\/uploads\/2019\/12\/002-300x99.png 300w\" sizes=\"auto, (max-width: 358px) 100vw, 358px\" \/><\/div>\n\t\t<\/figure>\n\t<\/div>\n\n\t<\/div> \n\n\t<div class=\"vc_col-sm-1\/5\">\n\t\t\t\n\t<div  class=\"wpb_single_image wpb_content_element vc_align_right  wpb_animate_when_almost_visible wpb_slideInLeft slideInLeft\">\n\t\t\n\t\t<figure class=\"wpb_wrapper vc_figure\">\n\t\t\t<div class=\"vc_single_image-wrapper   vc_box_border_grey\"><img loading=\"lazy\" decoding=\"async\" width=\"71\" height=\"83\" src=\"https:\/\/www.numerus21.fr\/wp-content\/uploads\/2019\/12\/2.png\" class=\"vc_single_image-img attachment-full\" alt=\"\" \/><\/div>\n\t\t<\/figure>\n\t<\/div>\n\n\t<\/div> \n\n\t<div class=\"vc_col-sm-1\/5\">\n\t\t\t\n\t<div  class=\"wpb_single_image wpb_content_element vc_align_left  wpb_animate_when_almost_visible wpb_slideInLeft slideInLeft\">\n\t\t\n\t\t<figure class=\"wpb_wrapper vc_figure\">\n\t\t\t<div class=\"vc_single_image-wrapper   vc_box_border_grey\"><img loading=\"lazy\" decoding=\"async\" width=\"365\" height=\"131\" src=\"https:\/\/www.numerus21.fr\/wp-content\/uploads\/2019\/12\/003.png\" class=\"vc_single_image-img attachment-full\" alt=\"\" srcset=\"https:\/\/www.numerus21.fr\/wp-content\/uploads\/2019\/12\/003.png 365w, https:\/\/www.numerus21.fr\/wp-content\/uploads\/2019\/12\/003-300x108.png 300w, https:\/\/www.numerus21.fr\/wp-content\/uploads\/2019\/12\/003-362x131.png 362w, https:\/\/www.numerus21.fr\/wp-content\/uploads\/2019\/12\/003-363x131.png 363w\" sizes=\"auto, (max-width: 365px) 100vw, 365px\" \/><\/div>\n\t\t<\/figure>\n\t<\/div>\n\n\t<\/div> \n<\/div><div class=\"vc_row section-element\">\n\t<div class=\"vc_col-sm-12\">\n\t\t\t<div class=\"vc_empty_space\"   style=\"height: 30px\"><span class=\"vc_empty_space_inner\"><\/span><\/div>\n\t<\/div> \n<\/div><div class=\"vc_row section-element\">\n\t<div class=\"vc_col-sm-4\">\n\t\t\t\n\t<div  class=\"wpb_single_image wpb_content_element vc_align_center  wpb_animate_when_almost_visible wpb_slideInLeft slideInLeft\">\n\t\t\n\t\t<figure class=\"wpb_wrapper vc_figure\">\n\t\t\t<div class=\"vc_single_image-wrapper   vc_box_border_grey\"><img loading=\"lazy\" decoding=\"async\" width=\"499\" height=\"929\" src=\"https:\/\/www.numerus21.fr\/wp-content\/uploads\/2019\/12\/ah10-1.png\" class=\"vc_single_image-img attachment-full\" alt=\"\" srcset=\"https:\/\/www.numerus21.fr\/wp-content\/uploads\/2019\/12\/ah10-1.png 499w, https:\/\/www.numerus21.fr\/wp-content\/uploads\/2019\/12\/ah10-1-161x300.png 161w\" sizes=\"auto, (max-width: 499px) 100vw, 499px\" \/><\/div>\n\t\t<\/figure>\n\t<\/div>\n\n\t<\/div> \n\n\t<div class=\"vc_col-sm-4\">\n\t\t\t\n\t<div  class=\"wpb_single_image wpb_content_element vc_align_center  wpb_animate_when_almost_visible wpb_slideInUp slideInUp\">\n\t\t\n\t\t<figure class=\"wpb_wrapper vc_figure\">\n\t\t\t<div class=\"vc_single_image-wrapper   vc_box_border_grey\"><img loading=\"lazy\" decoding=\"async\" width=\"494\" height=\"929\" src=\"https:\/\/www.numerus21.fr\/wp-content\/uploads\/2019\/12\/ah20.png\" class=\"vc_single_image-img attachment-full\" alt=\"\" srcset=\"https:\/\/www.numerus21.fr\/wp-content\/uploads\/2019\/12\/ah20.png 494w, https:\/\/www.numerus21.fr\/wp-content\/uploads\/2019\/12\/ah20-160x300.png 160w\" sizes=\"auto, (max-width: 494px) 100vw, 494px\" \/><\/div>\n\t\t<\/figure>\n\t<\/div>\n\n\t<\/div> \n\n\t<div class=\"vc_col-sm-4\">\n\t\t\t\n\t<div  class=\"wpb_single_image wpb_content_element vc_align_center  wpb_animate_when_almost_visible wpb_slideInRight slideInRight\">\n\t\t\n\t\t<figure class=\"wpb_wrapper vc_figure\">\n\t\t\t<div class=\"vc_single_image-wrapper   vc_box_border_grey\"><img loading=\"lazy\" decoding=\"async\" width=\"494\" height=\"929\" src=\"https:\/\/www.numerus21.fr\/wp-content\/uploads\/2019\/12\/ah30.png\" class=\"vc_single_image-img attachment-full\" alt=\"\" srcset=\"https:\/\/www.numerus21.fr\/wp-content\/uploads\/2019\/12\/ah30.png 494w, https:\/\/www.numerus21.fr\/wp-content\/uploads\/2019\/12\/ah30-160x300.png 160w\" sizes=\"auto, (max-width: 494px) 100vw, 494px\" \/><\/div>\n\t\t<\/figure>\n\t<\/div>\n\n\t<\/div> \n<\/div><div class=\"vc_row section-element\">\n\t<div class=\"vc_col-sm-12\">\n\t\t\t<div class=\"vc_separator wpb_content_element vc_separator_align_center vc_sep_width_100 vc_sep_pos_align_center vc_sep_color_grey wpb_animate_when_almost_visible wpb_slideInDown slideInDown vc_separator-has-text\" ><span class=\"vc_sep_holder vc_sep_holder_l\"><span  class=\"vc_sep_line\"><\/span><\/span><div class=\"vc_icon_element vc_icon_element-outer vc_icon_element-align-left\"><div class=\"vc_icon_element-inner vc_icon_element-color-blue vc_icon_element-size-md vc_icon_element-style- vc_icon_element-background-color-grey\" ><span class=\"vc_icon_element-icon fa fa-check\" ><\/span><\/div><\/div><h4>NEGOCIATION FTTH :<\/h4><span class=\"vc_sep_holder vc_sep_holder_r\"><span  class=\"vc_sep_line\"><\/span><\/span>\n<\/div>\n\t<\/div> \n<\/div><div class=\"vc_row section-element\">\n\t<div class=\"vc_col-sm-8\">\n\t\t\t\n\t<div class=\"wpb_text_column wpb_content_element  wpb_animate_when_almost_visible wpb_slideInLeft slideInLeft\">\n\t\t\t<ul>\n<li>Identification of the syndic (syndic of co-ownership, social landlords, single owner, SCI, ASL...)<\/li>\n<li>Sending of agreements<\/li>\n<li>Definition of the dates of the General Assembly<\/li>\n<li>Update of the tool (Sadirah, Optimum...)<\/li>\n<li>Follow-up and reminders to obtain agreements and DTA if necessary<\/li>\n<li>Obtaining the work order (BPT)<\/li>\n<li>Passing milestones and updating tools.<\/li>\n<li>Negotiation of technical premises (NRO, POP...)<\/li>\n<\/ul>\n\n\t<\/div> \n\t<\/div> \n\n\t<div class=\"vc_col-sm-4\">\n\t\t\t\n\t<div  class=\"wpb_single_image wpb_content_element vc_align_center  wpb_animate_when_almost_visible wpb_slideInRight slideInRight\">\n\t\t\n\t\t<figure class=\"wpb_wrapper vc_figure\">\n\t\t\t<div class=\"vc_single_image-wrapper   vc_box_border_grey\"><img loading=\"lazy\" decoding=\"async\" width=\"640\" height=\"426\" src=\"https:\/\/www.numerus21.fr\/wp-content\/uploads\/2019\/12\/laptop-3196481_640.jpg\" class=\"vc_single_image-img attachment-full\" alt=\"\" srcset=\"https:\/\/www.numerus21.fr\/wp-content\/uploads\/2019\/12\/laptop-3196481_640.jpg 640w, https:\/\/www.numerus21.fr\/wp-content\/uploads\/2019\/12\/laptop-3196481_640-300x200.jpg 300w\" sizes=\"auto, (max-width: 640px) 100vw, 640px\" \/><\/div>\n\t\t<\/figure>\n\t<\/div>\n\n\t<\/div> \n<\/div><div class=\"vc_row section-element\">\n\t<div class=\"vc_col-sm-12\">\n\t\t\t<div class=\"vc_separator wpb_content_element vc_separator_align_center vc_sep_width_100 vc_sep_pos_align_center vc_sep_color_grey wpb_animate_when_almost_visible wpb_slideInDown slideInDown vc_separator-has-text\" ><span class=\"vc_sep_holder vc_sep_holder_l\"><span  class=\"vc_sep_line\"><\/span><\/span><div class=\"vc_icon_element vc_icon_element-outer vc_icon_element-align-left\"><div class=\"vc_icon_element-inner vc_icon_element-color-blue vc_icon_element-size-md vc_icon_element-style- vc_icon_element-background-color-grey\" ><span class=\"vc_icon_element-icon fa fa-check\" ><\/span><\/div><\/div><h4>Methods and Guarantees<\/h4><span class=\"vc_sep_holder vc_sep_holder_r\"><span  class=\"vc_sep_line\"><\/span><\/span>\n<\/div>\n\t<\/div> \n<\/div><div class=\"vc_row section-element\">\n\t<div class=\"vc_col-sm-8\">\n\t\t\t\n\t<div class=\"wpb_text_column wpb_content_element  wpb_animate_when_almost_visible wpb_slideInLeft slideInLeft\">\n\t\t\t<ul>\n<li>Establishment of a ramp-up schedule according to the<\/li>\n<li id=\"list\"><span id=\"para\">project volumetry<\/span><\/li>\n<li>Respect of the engineering rules<\/li>\n<li>Respect of the deadlines<\/li>\n<li>Control cells<\/li>\n<\/ul>\n\n\t<\/div> \n\t<\/div> \n\n\t<div class=\"vc_col-sm-4\">\n\t\t\t\n\t<div  class=\"wpb_single_image wpb_content_element vc_align_center  wpb_animate_when_almost_visible wpb_slideInRight slideInRight\">\n\t\t\n\t\t<figure class=\"wpb_wrapper vc_figure\">\n\t\t\t<div class=\"vc_single_image-wrapper   vc_box_border_grey\"><img loading=\"lazy\" decoding=\"async\" width=\"640\" height=\"403\" src=\"https:\/\/www.numerus21.fr\/wp-content\/uploads\/2019\/12\/paper-3213924_640.jpg\" class=\"vc_single_image-img attachment-full\" alt=\"\" srcset=\"https:\/\/www.numerus21.fr\/wp-content\/uploads\/2019\/12\/paper-3213924_640.jpg 640w, https:\/\/www.numerus21.fr\/wp-content\/uploads\/2019\/12\/paper-3213924_640-300x189.jpg 300w\" sizes=\"auto, (max-width: 640px) 100vw, 640px\" \/><\/div>\n\t\t<\/figure>\n\t<\/div>\n\n\t<\/div> \n<\/div>","protected":false},"excerpt":{"rendered":"Une prestation de bout-en-bout La prestation de NUMERUS21 couvre toutes la phase \u00e9tudes d\u2019un d\u00e9ploiement FTTH quel que soit le type de zone (ZTD, ZMD, ZPD) Etudes de conception (APS) Etudes de conception (APD) Etude sous le contr\u00f4le d\u2019un processus livrables adapt\u00e9e aux exigences de nos clients NEGOCIATION FTTH : Identification syndic (syndic de copropri\u00e9t\u00e9, [...]","protected":false},"author":1,"featured_media":0,"parent":0,"menu_order":0,"comment_status":"closed","ping_status":"closed","template":"page-template\/blank-page.php","meta":{"footnotes":""},"class_list":["post-2674","page","type-page","status-publish","hentry"],"yoast_head":"<!-- This site is optimized with the Yoast SEO plugin v24.6 - https:\/\/yoast.com\/wordpress\/plugins\/seo\/ -->\n<title>notre savoir faire &#8902; Numerus21.fr<\/title>\n<meta name=\"robots\" content=\"index, follow, max-snippet:-1, max-image-preview:large, max-video-preview:-1\" \/>\n<link rel=\"canonical\" href=\"https:\/\/www.numerus21.fr\/en\/prestations\/\" \/>\n<meta property=\"og:locale\" content=\"en_US\" \/>\n<meta property=\"og:type\" content=\"article\" \/>\n<meta property=\"og:title\" content=\"notre savoir faire &#8902; Numerus21.fr\" \/>\n<meta property=\"og:url\" content=\"https:\/\/www.numerus21.fr\/en\/prestations\/\" \/>\n<meta property=\"og:site_name\" content=\"Numerus21.fr\" \/>\n<meta property=\"article:modified_time\" content=\"2020-02-17T12:29:53+00:00\" \/>\n<meta name=\"twitter:card\" content=\"summary_large_image\" \/>\n<meta name=\"twitter:label1\" content=\"Est. reading time\" \/>\n\t<meta name=\"twitter:data1\" content=\"3 minutes\" \/>\n<script type=\"application\/ld+json\" class=\"yoast-schema-graph\">{\"@context\":\"https:\/\/schema.org\",\"@graph\":[{\"@type\":\"WebPage\",\"@id\":\"https:\/\/www.numerus21.fr\/prestations\/\",\"url\":\"https:\/\/www.numerus21.fr\/prestations\/\",\"name\":\"notre savoir faire &#8902; Numerus21.fr\",\"isPartOf\":{\"@id\":\"https:\/\/www.numerus21.fr\/#website\"},\"datePublished\":\"2019-12-24T11:46:28+00:00\",\"dateModified\":\"2020-02-17T12:29:53+00:00\",\"breadcrumb\":{\"@id\":\"https:\/\/www.numerus21.fr\/prestations\/#breadcrumb\"},\"inLanguage\":\"en-US\",\"potentialAction\":[{\"@type\":\"ReadAction\",\"target\":[\"https:\/\/www.numerus21.fr\/prestations\/\"]}]},{\"@type\":\"BreadcrumbList\",\"@id\":\"https:\/\/www.numerus21.fr\/prestations\/#breadcrumb\",\"itemListElement\":[{\"@type\":\"ListItem\",\"position\":1,\"name\":\"Accueil\",\"item\":\"https:\/\/www.numerus21.fr\/\"},{\"@type\":\"ListItem\",\"position\":2,\"name\":\"notre savoir faire\"}]},{\"@type\":\"WebSite\",\"@id\":\"https:\/\/www.numerus21.fr\/#website\",\"url\":\"https:\/\/www.numerus21.fr\/\",\"name\":\"Numerus21.fr\",\"description\":\"R\u00e9seaux &amp; T\u00e9l\u00e9coms\",\"publisher\":{\"@id\":\"https:\/\/www.numerus21.fr\/#organization\"},\"potentialAction\":[{\"@type\":\"SearchAction\",\"target\":{\"@type\":\"EntryPoint\",\"urlTemplate\":\"https:\/\/www.numerus21.fr\/?s={search_term_string}\"},\"query-input\":{\"@type\":\"PropertyValueSpecification\",\"valueRequired\":true,\"valueName\":\"search_term_string\"}}],\"inLanguage\":\"en-US\"},{\"@type\":\"Organization\",\"@id\":\"https:\/\/www.numerus21.fr\/#organization\",\"name\":\"numerus21\",\"url\":\"https:\/\/www.numerus21.fr\/\",\"logo\":{\"@type\":\"ImageObject\",\"inLanguage\":\"en-US\",\"@id\":\"https:\/\/www.numerus21.fr\/#\/schema\/logo\/image\/\",\"url\":\"https:\/\/www.numerus21.fr\/wp-content\/uploads\/2019\/11\/logo.png\",\"contentUrl\":\"https:\/\/www.numerus21.fr\/wp-content\/uploads\/2019\/11\/logo.png\",\"width\":260,\"height\":84,\"caption\":\"numerus21\"},\"image\":{\"@id\":\"https:\/\/www.numerus21.fr\/#\/schema\/logo\/image\/\"}}]}<\/script>\n<!-- \/ Yoast SEO plugin. -->","yoast_head_json":{"title":"notre savoir faire &#8902; Numerus21.fr","robots":{"index":"index","follow":"follow","max-snippet":"max-snippet:-1","max-image-preview":"max-image-preview:large","max-video-preview":"max-video-preview:-1"},"canonical":"https:\/\/www.numerus21.fr\/en\/prestations\/","og_locale":"en_US","og_type":"article","og_title":"notre savoir faire &#8902; Numerus21.fr","og_url":"https:\/\/www.numerus21.fr\/en\/prestations\/","og_site_name":"Numerus21.fr","article_modified_time":"2020-02-17T12:29:53+00:00","twitter_card":"summary_large_image","twitter_misc":{"Est. reading time":"3 minutes"},"schema":{"@context":"https:\/\/schema.org","@graph":[{"@type":"WebPage","@id":"https:\/\/www.numerus21.fr\/prestations\/","url":"https:\/\/www.numerus21.fr\/prestations\/","name":"notre savoir faire &#8902; Numerus21.fr","isPartOf":{"@id":"https:\/\/www.numerus21.fr\/#website"},"datePublished":"2019-12-24T11:46:28+00:00","dateModified":"2020-02-17T12:29:53+00:00","breadcrumb":{"@id":"https:\/\/www.numerus21.fr\/prestations\/#breadcrumb"},"inLanguage":"en-US","potentialAction":[{"@type":"ReadAction","target":["https:\/\/www.numerus21.fr\/prestations\/"]}]},{"@type":"BreadcrumbList","@id":"https:\/\/www.numerus21.fr\/prestations\/#breadcrumb","itemListElement":[{"@type":"ListItem","position":1,"name":"Accueil","item":"https:\/\/www.numerus21.fr\/"},{"@type":"ListItem","position":2,"name":"notre savoir faire"}]},{"@type":"WebSite","@id":"https:\/\/www.numerus21.fr\/#website","url":"https:\/\/www.numerus21.fr\/","name":"Numerus21.fr","description":"R\u00e9seaux &amp; T\u00e9l\u00e9coms","publisher":{"@id":"https:\/\/www.numerus21.fr\/#organization"},"potentialAction":[{"@type":"SearchAction","target":{"@type":"EntryPoint","urlTemplate":"https:\/\/www.numerus21.fr\/?s={search_term_string}"},"query-input":{"@type":"PropertyValueSpecification","valueRequired":true,"valueName":"search_term_string"}}],"inLanguage":"en-US"},{"@type":"Organization","@id":"https:\/\/www.numerus21.fr\/#organization","name":"numerus21","url":"https:\/\/www.numerus21.fr\/","logo":{"@type":"ImageObject","inLanguage":"en-US","@id":"https:\/\/www.numerus21.fr\/#\/schema\/logo\/image\/","url":"https:\/\/www.numerus21.fr\/wp-content\/uploads\/2019\/11\/logo.png","contentUrl":"https:\/\/www.numerus21.fr\/wp-content\/uploads\/2019\/11\/logo.png","width":260,"height":84,"caption":"numerus21"},"image":{"@id":"https:\/\/www.numerus21.fr\/#\/schema\/logo\/image\/"}}]}},"_links":{"self":[{"href":"https:\/\/www.numerus21.fr\/en\/wp-json\/wp\/v2\/pages\/2674","targetHints":{"allow":["GET"]}}],"collection":[{"href":"https:\/\/www.numerus21.fr\/en\/wp-json\/wp\/v2\/pages"}],"about":[{"href":"https:\/\/www.numerus21.fr\/en\/wp-json\/wp\/v2\/types\/page"}],"author":[{"embeddable":true,"href":"https:\/\/www.numerus21.fr\/en\/wp-json\/wp\/v2\/users\/1"}],"replies":[{"embeddable":true,"href":"https:\/\/www.numerus21.fr\/en\/wp-json\/wp\/v2\/comments?post=2674"}],"version-history":[{"count":81,"href":"https:\/\/www.numerus21.fr\/en\/wp-json\/wp\/v2\/pages\/2674\/revisions"}],"predecessor-version":[{"id":3141,"href":"https:\/\/www.numerus21.fr\/en\/wp-json\/wp\/v2\/pages\/2674\/revisions\/3141"}],"wp:attachment":[{"href":"https:\/\/www.numerus21.fr\/en\/wp-json\/wp\/v2\/media?parent=2674"}],"curies":[{"name":"wp","href":"https:\/\/api.w.org\/{rel}","templated":true}]}}