{"id":475,"date":"2018-11-24T10:00:31","date_gmt":"2018-11-24T10:00:31","guid":{"rendered":"http:\/\/pluginspoint.com\/dustrial\/?page_id=475"},"modified":"2019-12-27T15:56:04","modified_gmt":"2019-12-27T14:56:04","slug":"actualites-2","status":"publish","type":"page","link":"https:\/\/www.numerus21.fr\/en\/actualites-2\/","title":{"rendered":"NEWS"},"content":{"rendered":"<div class=\"vc_row section-element vc_custom_1543053740779\">\n\t<div class=\"vc_col-sm-12\">\n\t\t\t<div class=\"vc_separator wpb_content_element vc_separator_align_center vc_sep_width_100 vc_sep_pos_align_center vc_sep_color_grey vc_separator-has-text\" ><span class=\"vc_sep_holder vc_sep_holder_l\"><span  class=\"vc_sep_line\"><\/span><\/span><div class=\"vc_icon_element vc_icon_element-outer vc_icon_element-align-left\"><div class=\"vc_icon_element-inner vc_icon_element-color-blue vc_icon_element-size-md vc_icon_element-style- vc_icon_element-background-color-grey\" ><span class=\"vc_icon_element-icon fa fa-newspaper-o\" ><\/span><\/div><\/div><h4>NEWS<\/h4><span class=\"vc_sep_holder vc_sep_holder_r\"><span  class=\"vc_sep_line\"><\/span><\/span>\n<\/div><div class=\"vc_empty_space\"   style=\"height: 32px\"><span class=\"vc_empty_space_inner\"><\/span><\/div>\n  <script>\n    jQuery(document).ready(function($) {\n      $(\"#blog-list\").owlCarousel({\n        loop: true,\n        margin: 0,\n        responsiveClass: true,\n        navigation: true,\n        navText: [\"<i class='fa fa-angle-left'><\/i>\", \"<i class='fa fa-angle-right'><\/i>\"],\n        nav: true,\n        items: 3,\n        smartSpeed: 1000,\n        dots: true,\n        autoplay: true,\n        mouseDrag:1000,\n        autoplayTimeout: 4000,\n        center: false,\n        responsive: {\n            0: {\n                items: 1            },\n            766: {\n                items: 1            },\n            767: {\n                items: 2            },\n            990: {\n                items: 2            },\n            991: {\n                items: 3            }\n        }\n      });\n    });\n  <\/script>\n\n      <div class=\"row\">\n      \n      <div class=\"col-12 col-md-6 col-lg-4\">\n        <div class=\"single-blog\">\n                        <div class=\"single-blog-thumb\">\n                <a href=\"https:\/\/www.numerus21.fr\/en\/forte-progression-de-la-fibre-au-quatrieme-trimestre-2019\/\">\n                  <img loading=\"lazy\" decoding=\"async\" width=\"300\" height=\"200\" src=\"https:\/\/www.numerus21.fr\/wp-content\/uploads\/2020\/03\/arcep-ftth-t4-2019-300x200-1.jpg\" class=\"img-fluid wp-post-image\" alt=\"\" \/>                  <span class=\"icon\"><i class=\"fa fa-link\"><\/i><\/span>\n                <\/a>\n              <\/div>\n                        <div class=\"content\">\n            <div class=\"entry-meta\">\n                              <div class=\"author\">\n                  By <a href=\"https:\/\/www.numerus21.fr\/en\/author\/numerus21\/\">Numerus21<\/a>\n                <\/div>\n                              <div class=\"month\">\n                  <a href=\"https:\/\/www.numerus21.fr\/en\/forte-progression-de-la-fibre-au-quatrieme-trimestre-2019\/\">12 March 2020<\/a>\n                <\/div>\n                          <\/div>\n            <a href=\"https:\/\/www.numerus21.fr\/en\/forte-progression-de-la-fibre-au-quatrieme-trimestre-2019\/\" class=\"entry-title\">FORTE PROGRESSION DE LA FIBRE AU QUATRI\u00c8ME TRIMESTRE 2019<\/a>\n            <p class=\"entry-content\">L\u2019ARCEP a publi\u00e9 ses r\u00e9sultats pour le dernier trimestre 2019 (\u00e0 fin d\u00e9cembre 2019) concernant le march\u00e9 des<\/p>\n          <\/div>\n          <div class=\"entry-meta-footer\">\n            <a href=\"https:\/\/www.numerus21.fr\/en\/forte-progression-de-la-fibre-au-quatrieme-trimestre-2019\/\" class=\"read-more\">Read More <i class=\"fa fa-angle-right\" aria-hidden=\"true\"><\/i><\/a>\n                          <a href=\"https:\/\/www.numerus21.fr\/en\/forte-progression-de-la-fibre-au-quatrieme-trimestre-2019\/#respond\"> <i class=\"fa fa-comments-o\" aria-hidden=\"true\"><\/i> Comments: 0<\/a>\n                      <\/div>\n        <\/div>\n      <\/div>\n      \n      <div class=\"col-12 col-md-6 col-lg-4\">\n        <div class=\"single-blog\">\n                        <div class=\"single-blog-thumb\">\n                <a href=\"https:\/\/www.numerus21.fr\/en\/2020-une-annee-decisive-pour-le-deploiement-du-tres-haut-debit-selon-infranum\/\">\n                  <img loading=\"lazy\" decoding=\"async\" width=\"362\" height=\"262\" src=\"https:\/\/www.numerus21.fr\/wp-content\/uploads\/2020\/02\/7668954_print-362x262.jpg\" class=\"img-fluid wp-post-image\" alt=\"\" \/>                  <span class=\"icon\"><i class=\"fa fa-link\"><\/i><\/span>\n                <\/a>\n              <\/div>\n                        <div class=\"content\">\n            <div class=\"entry-meta\">\n                              <div class=\"author\">\n                  By <a href=\"https:\/\/www.numerus21.fr\/en\/author\/numerus21\/\">Numerus21<\/a>\n                <\/div>\n                              <div class=\"month\">\n                  <a href=\"https:\/\/www.numerus21.fr\/en\/2020-une-annee-decisive-pour-le-deploiement-du-tres-haut-debit-selon-infranum\/\">19 February 2020<\/a>\n                <\/div>\n                          <\/div>\n            <a href=\"https:\/\/www.numerus21.fr\/en\/2020-une-annee-decisive-pour-le-deploiement-du-tres-haut-debit-selon-infranum\/\" class=\"entry-title\">2020, une ann\u00e9e d\u00e9cisive pour le d\u00e9ploiement du tr\u00e8s haut d\u00e9bit selon Infranum<\/a>\n            <p class=\"entry-content\">4,3&nbsp;millions. C&rsquo;est le nombre record de prises FTTH d\u00e9ploy\u00e9es en&nbsp;2019 dans le cadre du plan France THD, qui<\/p>\n          <\/div>\n          <div class=\"entry-meta-footer\">\n            <a href=\"https:\/\/www.numerus21.fr\/en\/2020-une-annee-decisive-pour-le-deploiement-du-tres-haut-debit-selon-infranum\/\" class=\"read-more\">Read More <i class=\"fa fa-angle-right\" aria-hidden=\"true\"><\/i><\/a>\n                          <a href=\"https:\/\/www.numerus21.fr\/en\/2020-une-annee-decisive-pour-le-deploiement-du-tres-haut-debit-selon-infranum\/#respond\"> <i class=\"fa fa-comments-o\" aria-hidden=\"true\"><\/i> Comments: 0<\/a>\n                      <\/div>\n        <\/div>\n      <\/div>\n      \n      <div class=\"col-12 col-md-6 col-lg-4\">\n        <div class=\"single-blog\">\n                        <div class=\"single-blog-thumb\">\n                <a href=\"https:\/\/www.numerus21.fr\/en\/5g-tout-ce-quil-faut-savoir-sur-le-reseau-du-futur\/\">\n                  <img loading=\"lazy\" decoding=\"async\" width=\"362\" height=\"262\" src=\"https:\/\/www.numerus21.fr\/wp-content\/uploads\/2020\/02\/5g-illustration-1-362x262.jpg\" class=\"img-fluid wp-post-image\" alt=\"\" \/>                  <span class=\"icon\"><i class=\"fa fa-link\"><\/i><\/span>\n                <\/a>\n              <\/div>\n                        <div class=\"content\">\n            <div class=\"entry-meta\">\n                              <div class=\"author\">\n                  By <a href=\"https:\/\/www.numerus21.fr\/en\/author\/numerus21\/\">Numerus21<\/a>\n                <\/div>\n                              <div class=\"month\">\n                  <a href=\"https:\/\/www.numerus21.fr\/en\/5g-tout-ce-quil-faut-savoir-sur-le-reseau-du-futur\/\">19 February 2020<\/a>\n                <\/div>\n                          <\/div>\n            <a href=\"https:\/\/www.numerus21.fr\/en\/5g-tout-ce-quil-faut-savoir-sur-le-reseau-du-futur\/\" class=\"entry-title\">5G : tout ce qu\u2019il faut savoir sur le r\u00e9seau du futur<\/a>\n            <p class=\"entry-content\">La 5G, tout le monde en parle. On nous promet quelque chose d\u2019extraordinaire, un avenir technologique incroyable. Mais<\/p>\n          <\/div>\n          <div class=\"entry-meta-footer\">\n            <a href=\"https:\/\/www.numerus21.fr\/en\/5g-tout-ce-quil-faut-savoir-sur-le-reseau-du-futur\/\" class=\"read-more\">Read More <i class=\"fa fa-angle-right\" aria-hidden=\"true\"><\/i><\/a>\n                          <a href=\"https:\/\/www.numerus21.fr\/en\/5g-tout-ce-quil-faut-savoir-sur-le-reseau-du-futur\/#respond\"> <i class=\"fa fa-comments-o\" aria-hidden=\"true\"><\/i> Comments: 0<\/a>\n                      <\/div>\n        <\/div>\n      <\/div>\n      \n      <div class=\"col-12 col-md-6 col-lg-4\">\n        <div class=\"single-blog\">\n                        <div class=\"single-blog-thumb\">\n                <a href=\"https:\/\/www.numerus21.fr\/en\/lallemagne-veut-la-fibre-partout-dici-2025\/\">\n                  <img loading=\"lazy\" decoding=\"async\" width=\"362\" height=\"262\" src=\"https:\/\/www.numerus21.fr\/wp-content\/uploads\/2020\/02\/digitisation-internet-fibre-optic-cable-germany-broadband-362x262.jpg\" class=\"img-fluid wp-post-image\" alt=\"\" \/>                  <span class=\"icon\"><i class=\"fa fa-link\"><\/i><\/span>\n                <\/a>\n              <\/div>\n                        <div class=\"content\">\n            <div class=\"entry-meta\">\n                              <div class=\"author\">\n                  By <a href=\"https:\/\/www.numerus21.fr\/en\/author\/numerus21\/\">Numerus21<\/a>\n                <\/div>\n                              <div class=\"month\">\n                  <a href=\"https:\/\/www.numerus21.fr\/en\/lallemagne-veut-la-fibre-partout-dici-2025\/\">19 February 2020<\/a>\n                <\/div>\n                          <\/div>\n            <a href=\"https:\/\/www.numerus21.fr\/en\/lallemagne-veut-la-fibre-partout-dici-2025\/\" class=\"entry-title\">L&rsquo;Allemagne veut la fibre partout d&rsquo;ici 2025<\/a>\n            <p class=\"entry-content\">Le gouvernement allemand a adopt\u00e9 sa \u00abStrat\u00e9gie num\u00e9rique 2025\u00bb, le prochain grand projet de r\u00e9forme pays, a rapport\u00e9<\/p>\n          <\/div>\n          <div class=\"entry-meta-footer\">\n            <a href=\"https:\/\/www.numerus21.fr\/en\/lallemagne-veut-la-fibre-partout-dici-2025\/\" class=\"read-more\">Read More <i class=\"fa fa-angle-right\" aria-hidden=\"true\"><\/i><\/a>\n                          <a href=\"https:\/\/www.numerus21.fr\/en\/lallemagne-veut-la-fibre-partout-dici-2025\/#respond\"> <i class=\"fa fa-comments-o\" aria-hidden=\"true\"><\/i> Comments: 0<\/a>\n                      <\/div>\n        <\/div>\n      <\/div>\n      \n      <div class=\"col-12 col-md-6 col-lg-4\">\n        <div class=\"single-blog\">\n                        <div class=\"single-blog-thumb\">\n                <a href=\"https:\/\/www.numerus21.fr\/en\/fibre-optique-les-collectivites-exasperees-par-letat\/\">\n                  <img loading=\"lazy\" decoding=\"async\" width=\"362\" height=\"262\" src=\"https:\/\/www.numerus21.fr\/wp-content\/uploads\/2019\/12\/optical-fiber-2077976_1920-362x262.jpg\" class=\"img-fluid wp-post-image\" alt=\"\" \/>                  <span class=\"icon\"><i class=\"fa fa-link\"><\/i><\/span>\n                <\/a>\n              <\/div>\n                        <div class=\"content\">\n            <div class=\"entry-meta\">\n                              <div class=\"author\">\n                  By <a href=\"https:\/\/www.numerus21.fr\/en\/author\/numerus21\/\">Numerus21<\/a>\n                <\/div>\n                              <div class=\"month\">\n                  <a href=\"https:\/\/www.numerus21.fr\/en\/fibre-optique-les-collectivites-exasperees-par-letat\/\">30 December 2019<\/a>\n                <\/div>\n                          <\/div>\n            <a href=\"https:\/\/www.numerus21.fr\/en\/fibre-optique-les-collectivites-exasperees-par-letat\/\" class=\"entry-title\">Fibre optique : les collectivit\u00e9s exasp\u00e9r\u00e9es par l&rsquo;Etat<\/a>\n            <p class=\"entry-content\">Face au refus de Bercy d&rsquo;engager plus de 280&nbsp;millions d&rsquo;euros de subventions pour finir de fibrer les campagnes,<\/p>\n          <\/div>\n          <div class=\"entry-meta-footer\">\n            <a href=\"https:\/\/www.numerus21.fr\/en\/fibre-optique-les-collectivites-exasperees-par-letat\/\" class=\"read-more\">Read More <i class=\"fa fa-angle-right\" aria-hidden=\"true\"><\/i><\/a>\n                          <a href=\"https:\/\/www.numerus21.fr\/en\/fibre-optique-les-collectivites-exasperees-par-letat\/#respond\"> <i class=\"fa fa-comments-o\" aria-hidden=\"true\"><\/i> Comments: 0<\/a>\n                      <\/div>\n        <\/div>\n      <\/div>\n      \n      <div class=\"col-12 col-md-6 col-lg-4\">\n        <div class=\"single-blog\">\n                        <div class=\"single-blog-thumb\">\n                <a href=\"https:\/\/www.numerus21.fr\/en\/5g-le-lancement-en-france-est-fixe-a-juin-2020\/\">\n                  <img loading=\"lazy\" decoding=\"async\" width=\"362\" height=\"262\" src=\"https:\/\/www.numerus21.fr\/wp-content\/uploads\/2019\/12\/5g-lancement-france-report\u00e9-juin-2020-362x262.jpg\" class=\"img-fluid wp-post-image\" alt=\"\" \/>                  <span class=\"icon\"><i class=\"fa fa-link\"><\/i><\/span>\n                <\/a>\n              <\/div>\n                        <div class=\"content\">\n            <div class=\"entry-meta\">\n                              <div class=\"author\">\n                  By <a href=\"https:\/\/www.numerus21.fr\/en\/author\/numerus21\/\">Numerus21<\/a>\n                <\/div>\n                              <div class=\"month\">\n                  <a href=\"https:\/\/www.numerus21.fr\/en\/5g-le-lancement-en-france-est-fixe-a-juin-2020\/\">30 December 2019<\/a>\n                <\/div>\n                          <\/div>\n            <a href=\"https:\/\/www.numerus21.fr\/en\/5g-le-lancement-en-france-est-fixe-a-juin-2020\/\" class=\"entry-title\">5G : le lancement en France est fix\u00e9 \u00e0 juin 2020<\/a>\n            <p class=\"entry-content\">La 5G ne sera finalement disponible en France qu\u2019\u00e0 partir du mois de juin 2020, annonce le Minist\u00e8re<\/p>\n          <\/div>\n          <div class=\"entry-meta-footer\">\n            <a href=\"https:\/\/www.numerus21.fr\/en\/5g-le-lancement-en-france-est-fixe-a-juin-2020\/\" class=\"read-more\">Read More <i class=\"fa fa-angle-right\" aria-hidden=\"true\"><\/i><\/a>\n                          <a href=\"https:\/\/www.numerus21.fr\/en\/5g-le-lancement-en-france-est-fixe-a-juin-2020\/#respond\"> <i class=\"fa fa-comments-o\" aria-hidden=\"true\"><\/i> Comments: 0<\/a>\n                      <\/div>\n        <\/div>\n      <\/div>\n      \n      <div class=\"col-12 col-md-6 col-lg-4\">\n        <div class=\"single-blog\">\n                        <div class=\"single-blog-thumb\">\n                <a href=\"https:\/\/www.numerus21.fr\/en\/rachat-de-covage-par-sfr-les-operateurs-alternatifs-craignent-que-le-remede-soit-pire-que-le-mal\/\">\n                  <img loading=\"lazy\" decoding=\"async\" width=\"362\" height=\"262\" src=\"https:\/\/www.numerus21.fr\/wp-content\/uploads\/2019\/12\/altice-sfr-800x450-c-default-362x262.jpg\" class=\"img-fluid wp-post-image\" alt=\"\" \/>                  <span class=\"icon\"><i class=\"fa fa-link\"><\/i><\/span>\n                <\/a>\n              <\/div>\n                        <div class=\"content\">\n            <div class=\"entry-meta\">\n                              <div class=\"author\">\n                  By <a href=\"https:\/\/www.numerus21.fr\/en\/author\/numerus21\/\">Numerus21<\/a>\n                <\/div>\n                              <div class=\"month\">\n                  <a href=\"https:\/\/www.numerus21.fr\/en\/rachat-de-covage-par-sfr-les-operateurs-alternatifs-craignent-que-le-remede-soit-pire-que-le-mal\/\">30 December 2019<\/a>\n                <\/div>\n                          <\/div>\n            <a href=\"https:\/\/www.numerus21.fr\/en\/rachat-de-covage-par-sfr-les-operateurs-alternatifs-craignent-que-le-remede-soit-pire-que-le-mal\/\" class=\"entry-title\">Rachat de Covage par SFR : les op\u00e9rateurs alternatifs craignent que le \u201crem\u00e8de\u201d soit \u201cpire que le mal\u201d<\/a>\n            <p class=\"entry-content\">Avec le rachat de Covage par SFR FTTH, les op\u00e9rateurs alternatifs craignent un d\u00e9s\u00e9quilibre en termes de concurrence<\/p>\n          <\/div>\n          <div class=\"entry-meta-footer\">\n            <a href=\"https:\/\/www.numerus21.fr\/en\/rachat-de-covage-par-sfr-les-operateurs-alternatifs-craignent-que-le-remede-soit-pire-que-le-mal\/\" class=\"read-more\">Read More <i class=\"fa fa-angle-right\" aria-hidden=\"true\"><\/i><\/a>\n                          <a href=\"https:\/\/www.numerus21.fr\/en\/rachat-de-covage-par-sfr-les-operateurs-alternatifs-craignent-que-le-remede-soit-pire-que-le-mal\/#respond\"> <i class=\"fa fa-comments-o\" aria-hidden=\"true\"><\/i> Comments: 0<\/a>\n                      <\/div>\n        <\/div>\n      <\/div>\n          <\/div>\n\n  \n\t<\/div> \n<\/div>","protected":false},"excerpt":{"rendered":"Avec le rachat de Covage par SFR FTTH, les op\u00e9rateurs alternatifs craignent un d\u00e9s\u00e9quilibre en termes de concurrence dans les zones moins denses. Ils r\u00e9clament ainsi des garanties de la part de nouvelle entit\u00e9 issue de ce rapprochement. Cette semaine, Altice Europe a annonc\u00e9&nbsp;l\u2019entr\u00e9e en n\u00e9gociations exclusives de sa filiale SFR&nbsp;FTTH&nbsp;avec les actionnaires de Covage [...]","protected":false},"author":1,"featured_media":0,"parent":0,"menu_order":0,"comment_status":"closed","ping_status":"closed","template":"page-template\/blank-page.php","meta":{"footnotes":""},"class_list":["post-475","page","type-page","status-publish","hentry"],"yoast_head":"<!-- This site is optimized with the Yoast SEO plugin v24.6 - https:\/\/yoast.com\/wordpress\/plugins\/seo\/ -->\n<title>Actualit\u00e9s &#8902; Numerus21.fr<\/title>\n<meta name=\"robots\" content=\"index, follow, max-snippet:-1, max-image-preview:large, max-video-preview:-1\" \/>\n<link rel=\"canonical\" href=\"https:\/\/www.numerus21.fr\/en\/actualites-2\/\" \/>\n<meta property=\"og:locale\" content=\"en_US\" \/>\n<meta property=\"og:type\" content=\"article\" \/>\n<meta property=\"og:title\" content=\"Actualit\u00e9s &#8902; Numerus21.fr\" \/>\n<meta property=\"og:url\" content=\"https:\/\/www.numerus21.fr\/en\/actualites-2\/\" \/>\n<meta property=\"og:site_name\" content=\"Numerus21.fr\" \/>\n<meta property=\"article:modified_time\" content=\"2019-12-27T14:56:04+00:00\" \/>\n<meta name=\"twitter:card\" content=\"summary_large_image\" \/>\n<script type=\"application\/ld+json\" class=\"yoast-schema-graph\">{\"@context\":\"https:\/\/schema.org\",\"@graph\":[{\"@type\":\"WebPage\",\"@id\":\"https:\/\/www.numerus21.fr\/en\/actualites-2\/\",\"url\":\"https:\/\/www.numerus21.fr\/en\/actualites-2\/\",\"name\":\"Actualit\u00e9s &#8902; Numerus21.fr\",\"isPartOf\":{\"@id\":\"https:\/\/www.numerus21.fr\/#website\"},\"datePublished\":\"2018-11-24T10:00:31+00:00\",\"dateModified\":\"2019-12-27T14:56:04+00:00\",\"breadcrumb\":{\"@id\":\"https:\/\/www.numerus21.fr\/en\/actualites-2\/#breadcrumb\"},\"inLanguage\":\"en-US\",\"potentialAction\":[{\"@type\":\"ReadAction\",\"target\":[\"https:\/\/www.numerus21.fr\/en\/actualites-2\/\"]}]},{\"@type\":\"BreadcrumbList\",\"@id\":\"https:\/\/www.numerus21.fr\/en\/actualites-2\/#breadcrumb\",\"itemListElement\":[{\"@type\":\"ListItem\",\"position\":1,\"name\":\"Accueil\",\"item\":\"https:\/\/www.numerus21.fr\/\"},{\"@type\":\"ListItem\",\"position\":2,\"name\":\"Actualit\u00e9s\"}]},{\"@type\":\"WebSite\",\"@id\":\"https:\/\/www.numerus21.fr\/#website\",\"url\":\"https:\/\/www.numerus21.fr\/\",\"name\":\"Numerus21.fr\",\"description\":\"R\u00e9seaux &amp; T\u00e9l\u00e9coms\",\"publisher\":{\"@id\":\"https:\/\/www.numerus21.fr\/#organization\"},\"potentialAction\":[{\"@type\":\"SearchAction\",\"target\":{\"@type\":\"EntryPoint\",\"urlTemplate\":\"https:\/\/www.numerus21.fr\/?s={search_term_string}\"},\"query-input\":{\"@type\":\"PropertyValueSpecification\",\"valueRequired\":true,\"valueName\":\"search_term_string\"}}],\"inLanguage\":\"en-US\"},{\"@type\":\"Organization\",\"@id\":\"https:\/\/www.numerus21.fr\/#organization\",\"name\":\"numerus21\",\"url\":\"https:\/\/www.numerus21.fr\/\",\"logo\":{\"@type\":\"ImageObject\",\"inLanguage\":\"en-US\",\"@id\":\"https:\/\/www.numerus21.fr\/#\/schema\/logo\/image\/\",\"url\":\"https:\/\/www.numerus21.fr\/wp-content\/uploads\/2019\/11\/logo.png\",\"contentUrl\":\"https:\/\/www.numerus21.fr\/wp-content\/uploads\/2019\/11\/logo.png\",\"width\":260,\"height\":84,\"caption\":\"numerus21\"},\"image\":{\"@id\":\"https:\/\/www.numerus21.fr\/#\/schema\/logo\/image\/\"}}]}<\/script>\n<!-- \/ Yoast SEO plugin. -->","yoast_head_json":{"title":"Actualit\u00e9s &#8902; Numerus21.fr","robots":{"index":"index","follow":"follow","max-snippet":"max-snippet:-1","max-image-preview":"max-image-preview:large","max-video-preview":"max-video-preview:-1"},"canonical":"https:\/\/www.numerus21.fr\/en\/actualites-2\/","og_locale":"en_US","og_type":"article","og_title":"Actualit\u00e9s &#8902; Numerus21.fr","og_url":"https:\/\/www.numerus21.fr\/en\/actualites-2\/","og_site_name":"Numerus21.fr","article_modified_time":"2019-12-27T14:56:04+00:00","twitter_card":"summary_large_image","schema":{"@context":"https:\/\/schema.org","@graph":[{"@type":"WebPage","@id":"https:\/\/www.numerus21.fr\/en\/actualites-2\/","url":"https:\/\/www.numerus21.fr\/en\/actualites-2\/","name":"Actualit\u00e9s &#8902; Numerus21.fr","isPartOf":{"@id":"https:\/\/www.numerus21.fr\/#website"},"datePublished":"2018-11-24T10:00:31+00:00","dateModified":"2019-12-27T14:56:04+00:00","breadcrumb":{"@id":"https:\/\/www.numerus21.fr\/en\/actualites-2\/#breadcrumb"},"inLanguage":"en-US","potentialAction":[{"@type":"ReadAction","target":["https:\/\/www.numerus21.fr\/en\/actualites-2\/"]}]},{"@type":"BreadcrumbList","@id":"https:\/\/www.numerus21.fr\/en\/actualites-2\/#breadcrumb","itemListElement":[{"@type":"ListItem","position":1,"name":"Accueil","item":"https:\/\/www.numerus21.fr\/"},{"@type":"ListItem","position":2,"name":"Actualit\u00e9s"}]},{"@type":"WebSite","@id":"https:\/\/www.numerus21.fr\/#website","url":"https:\/\/www.numerus21.fr\/","name":"Numerus21.fr","description":"R\u00e9seaux &amp; T\u00e9l\u00e9coms","publisher":{"@id":"https:\/\/www.numerus21.fr\/#organization"},"potentialAction":[{"@type":"SearchAction","target":{"@type":"EntryPoint","urlTemplate":"https:\/\/www.numerus21.fr\/?s={search_term_string}"},"query-input":{"@type":"PropertyValueSpecification","valueRequired":true,"valueName":"search_term_string"}}],"inLanguage":"en-US"},{"@type":"Organization","@id":"https:\/\/www.numerus21.fr\/#organization","name":"numerus21","url":"https:\/\/www.numerus21.fr\/","logo":{"@type":"ImageObject","inLanguage":"en-US","@id":"https:\/\/www.numerus21.fr\/#\/schema\/logo\/image\/","url":"https:\/\/www.numerus21.fr\/wp-content\/uploads\/2019\/11\/logo.png","contentUrl":"https:\/\/www.numerus21.fr\/wp-content\/uploads\/2019\/11\/logo.png","width":260,"height":84,"caption":"numerus21"},"image":{"@id":"https:\/\/www.numerus21.fr\/#\/schema\/logo\/image\/"}}]}},"_links":{"self":[{"href":"https:\/\/www.numerus21.fr\/en\/wp-json\/wp\/v2\/pages\/475","targetHints":{"allow":["GET"]}}],"collection":[{"href":"https:\/\/www.numerus21.fr\/en\/wp-json\/wp\/v2\/pages"}],"about":[{"href":"https:\/\/www.numerus21.fr\/en\/wp-json\/wp\/v2\/types\/page"}],"author":[{"embeddable":true,"href":"https:\/\/www.numerus21.fr\/en\/wp-json\/wp\/v2\/users\/1"}],"replies":[{"embeddable":true,"href":"https:\/\/www.numerus21.fr\/en\/wp-json\/wp\/v2\/comments?post=475"}],"version-history":[{"count":3,"href":"https:\/\/www.numerus21.fr\/en\/wp-json\/wp\/v2\/pages\/475\/revisions"}],"predecessor-version":[{"id":2907,"href":"https:\/\/www.numerus21.fr\/en\/wp-json\/wp\/v2\/pages\/475\/revisions\/2907"}],"wp:attachment":[{"href":"https:\/\/www.numerus21.fr\/en\/wp-json\/wp\/v2\/media?parent=475"}],"curies":[{"name":"wp","href":"https:\/\/api.w.org\/{rel}","templated":true}]}}