{"id":491,"date":"2018-11-24T12:04:53","date_gmt":"2018-11-24T11:04:53","guid":{"rendered":"http:\/\/pluginspoint.com\/dustrial\/?page_id=491"},"modified":"2020-02-19T16:24:06","modified_gmt":"2020-02-19T15:24:06","slug":"contactez-nous","status":"publish","type":"page","link":"https:\/\/www.numerus21.fr\/en\/contactez-nous\/","title":{"rendered":"Contactez nous"},"content":{"rendered":"<div class=\"vc_row section-element\">\n\t<div class=\"vc_col-sm-12\">\n\t\t\t<div class=\"vc_empty_space\"   style=\"height: 32px\"><span class=\"vc_empty_space_inner\"><\/span><\/div><div class=\"vc_separator wpb_content_element vc_separator_align_center vc_sep_width_100 vc_sep_pos_align_center vc_sep_color_grey vc_separator-has-text\" ><span class=\"vc_sep_holder vc_sep_holder_l\"><span  class=\"vc_sep_line\"><\/span><\/span><div class=\"vc_icon_element vc_icon_element-outer vc_icon_element-align-left\"><div class=\"vc_icon_element-inner vc_icon_element-color-blue vc_icon_element-size-md vc_icon_element-style- vc_icon_element-background-color-grey\" ><span class=\"vc_icon_element-icon fa fa-envelope-o\" ><\/span><\/div><\/div><h4>Contactez nous<\/h4><span class=\"vc_sep_holder vc_sep_holder_r\"><span  class=\"vc_sep_line\"><\/span><\/span>\n<\/div>\n\t<\/div> \n<\/div><div class=\"vc_row section-element contact-page vc_custom_1546075957443\">\n\t<div class=\"vc_col-sm-4 contact-address-left\">\n\t\t\t  <div class=\"block contact_address\">\n    <div class=\"title\">\n      <h4><\/h4>\n      <h1><\/h1>\n    <\/div>\n\n    \n      <div class=\"media border-bottom contact-media\">\n        <span class=\"info-icon\"><i class=\"fa fa-map-marker\"><\/i><\/span>\n        <div class=\"media-body\">\n          <h5 class=\"mt-0 mb-0\">Si\u00e8ge social :<\/h5>\n          9-11 Rue des Raverdis,         92230 Gennevilliers        <\/div>\n      <\/div>\n\n    \n      <div class=\"media border-bottom contact-media\">\n        <span class=\"info-icon\"><i class=\"fa fa-envelope\"><\/i><\/span>\n        <div class=\"media-body\">\n          <h5 class=\"mt-0 mb-0\">Adresse Email: <\/h5>\n          contact@numerus21.fr        <\/div>\n      <\/div>\n\n    \n      <div class=\"media border-bottom contact-media\">\n        <span class=\"info-icon\"><i class=\"fa fa-phone\"><\/i><\/span>\n        <div class=\"media-body\">\n          <h5 class=\"mt-0 mb-0\">Contact :<\/h5>\n          + (33) 01.47.94.98.63        <\/div>\n      <\/div>\n\n        <div class=\"contact-social-info\">\n              <a href=\"#\"><i class=\"fa fa-twitter\" aria-hidden=\"true\"><\/i><\/a>\n              <a href=\"#\"><i class=\"fa fa-facebook\" aria-hidden=\"true\"><\/i><\/a>\n              <a href=\"#\"><i class=\"fa fa-instagram\" aria-hidden=\"true\"><\/i><\/a>\n              <a href=\"#\"><i class=\"fa fa-skype\" aria-hidden=\"true\"><\/i><\/a>\n          <\/div>\n  \n  <\/div>\n\n  \n\t<\/div> \n\n\t<div class=\"vc_col-sm-8 contact-page-form\">\n\t\t\t<div role=\"form\" class=\"wpcf7\" id=\"wpcf7-f187-o1\" lang=\"en-US\" dir=\"ltr\">\n<div class=\"screen-reader-response\"><\/div>\n<form action=\"\/en\/wp-json\/wp\/v2\/pages\/491#wpcf7-f187-o1\" method=\"post\" class=\"wpcf7-form\" novalidate=\"novalidate\" data-trp-original-action=\"\/en\/wp-json\/wp\/v2\/pages\/491#wpcf7-f187-o1\">\n<div style=\"display: none;\">\n<input type=\"hidden\" name=\"_wpcf7\" value=\"187\" \/>\n<input type=\"hidden\" name=\"_wpcf7_version\" value=\"5.1.6\" \/>\n<input type=\"hidden\" name=\"_wpcf7_locale\" value=\"en_US\" \/>\n<input type=\"hidden\" name=\"_wpcf7_unit_tag\" value=\"wpcf7-f187-o1\" \/>\n<input type=\"hidden\" name=\"_wpcf7_container_post\" value=\"0\" \/>\n<\/div>\n<div class=\"contact-feedback-block\">\n<div class=\"form-row\">\n<div class=\"form-group col-md-6 pr-lg-3\"><span class=\"wpcf7-form-control-wrap your-name\"><input type=\"text\" name=\"your-name\" value=\"\" size=\"40\" class=\"wpcf7-form-control wpcf7-text wpcf7-validates-as-required form-control rounded-0\" aria-required=\"true\" aria-invalid=\"false\" placeholder=\"Pr\u00e9nom*\" \/><\/span><\/div>\n<div class=\"form-group col-md-6\">\n    <span class=\"wpcf7-form-control-wrap your-email\"><input type=\"email\" name=\"your-email\" value=\"\" size=\"40\" class=\"wpcf7-form-control wpcf7-text wpcf7-email wpcf7-validates-as-required wpcf7-validates-as-email form-control rounded-0\" aria-required=\"true\" aria-invalid=\"false\" placeholder=\"Nom de famille*\" \/><\/span><\/div>\n<div class=\"form-group col-md-6 pr-lg-3\">\n    <span class=\"wpcf7-form-control-wrap your-email\"><input type=\"email\" name=\"your-email\" value=\"\" size=\"40\" class=\"wpcf7-form-control wpcf7-text wpcf7-email wpcf7-validates-as-required wpcf7-validates-as-email form-control rounded-0\" aria-required=\"true\" aria-invalid=\"false\" placeholder=\"Address Email\" \/><\/span><\/div>\n<div class=\"form-group col-md-6\">\n    <span class=\"wpcf7-form-control-wrap your-phone\"><input type=\"text\" name=\"your-phone\" value=\"\" size=\"40\" class=\"wpcf7-form-control wpcf7-text wpcf7-validates-as-required form-control rounded-0\" aria-required=\"true\" aria-invalid=\"false\" placeholder=\"T\u00e9l\u00e9phone\" \/><\/span><\/div>\n<\/div>\n<div class=\"form-group\">\n    <span class=\"wpcf7-form-control-wrap your-message\"><textarea name=\"your-message\" cols=\"80\" rows=\"5\" class=\"wpcf7-form-control wpcf7-textarea form-control rounded-0\" aria-invalid=\"false\" placeholder=\"message\"><\/textarea><\/span><\/div>\n<p><button type=\"submit\" class=\"get_quote_btn\">envoyer le message<\/button>\n<\/div>\n<p style=\"display: none !important;\" class=\"akismet-fields-container\" data-prefix=\"_wpcf7_ak_\"><label>&#916;<textarea name=\"_wpcf7_ak_hp_textarea\" cols=\"45\" rows=\"8\" maxlength=\"100\"><\/textarea><\/label><input type=\"hidden\" id=\"ak_js_1\" name=\"_wpcf7_ak_js\" value=\"105\"\/><script>document.getElementById( \"ak_js_1\" ).setAttribute( \"value\", ( new Date() ).getTime() );<\/script><\/p><div class=\"wpcf7-response-output wpcf7-display-none\"><\/div><input type=\"hidden\" name=\"trp-form-language\" value=\"en\"\/><\/form><\/div>\n\t<\/div> \n<\/div><div data-vc-full-width=\"true\" data-vc-full-width-init=\"false\" data-vc-stretch-content=\"true\" class=\"vc_row section-element vc_custom_1543061823223 vc_row-no-padding\">\n\t<div class=\"vc_col-sm-12  vc_custom_1543061849576\">\n\t\t\t<div class=\"wpb_gmaps_widget wpb_content_element vc_custom_1576658311014\"><div class=\"wpb_wrapper\"><div class=\"wpb_map_wraper\"><iframe loading=\"lazy\" src=\"https:\/\/www.google.com\/maps\/embed?pb=!1m18!1m12!1m3!1d2621.702630937813!2d2.3212711155573844!3d48.92105757929373!2m3!1f0!2f0!3f0!3m2!1i1024!2i768!4f13.1!3m3!1m2!1s0x47e66f214888a00f%3A0xda1989591ccd515!2s9%20Rue%20des%20Raverdis%2C%2092230%20Gennevilliers!5e0!3m2!1sfr!2sfr!4v1576658258066!5m2!1sfr!2sfr\" width=\"600\" height=\"450\" style=\"border:0\" allowfullscreen><\/iframe><\/div><\/div><\/div>\n\t<\/div> \n<\/div><div class=\"vc_row-full-width\"><\/div>","protected":false},"excerpt":{"rendered":"Contactez nous Si\u00e8ge social : 9-11 Rue des Raverdis, 92230 Gennevilliers Adresse Email: contact@numerus21.fr Contact : + (33) 01.47.94.98.63 envoyer le message &#916;","protected":false},"author":1,"featured_media":0,"parent":0,"menu_order":0,"comment_status":"closed","ping_status":"closed","template":"page-template\/blank-page.php","meta":{"footnotes":""},"class_list":["post-491","page","type-page","status-publish","hentry"],"yoast_head":"<!-- This site is optimized with the Yoast SEO plugin v24.6 - https:\/\/yoast.com\/wordpress\/plugins\/seo\/ -->\n<title>Contactez nous &#8902; Numerus21.fr<\/title>\n<meta name=\"robots\" content=\"index, follow, max-snippet:-1, max-image-preview:large, max-video-preview:-1\" \/>\n<link rel=\"canonical\" href=\"https:\/\/www.numerus21.fr\/en\/contactez-nous\/\" \/>\n<meta property=\"og:locale\" content=\"en_US\" \/>\n<meta property=\"og:type\" content=\"article\" \/>\n<meta property=\"og:title\" content=\"Contactez nous &#8902; Numerus21.fr\" \/>\n<meta property=\"og:url\" content=\"https:\/\/www.numerus21.fr\/en\/contactez-nous\/\" \/>\n<meta property=\"og:site_name\" content=\"Numerus21.fr\" \/>\n<meta property=\"article:modified_time\" content=\"2020-02-19T15:24:06+00:00\" \/>\n<meta name=\"twitter:card\" content=\"summary_large_image\" \/>\n<meta name=\"twitter:label1\" content=\"Est. reading time\" \/>\n\t<meta name=\"twitter:data1\" content=\"2 minutes\" \/>\n<script type=\"application\/ld+json\" class=\"yoast-schema-graph\">{\"@context\":\"https:\/\/schema.org\",\"@graph\":[{\"@type\":\"WebPage\",\"@id\":\"https:\/\/www.numerus21.fr\/contactez-nous\/\",\"url\":\"https:\/\/www.numerus21.fr\/contactez-nous\/\",\"name\":\"Contactez nous &#8902; Numerus21.fr\",\"isPartOf\":{\"@id\":\"https:\/\/www.numerus21.fr\/#website\"},\"datePublished\":\"2018-11-24T11:04:53+00:00\",\"dateModified\":\"2020-02-19T15:24:06+00:00\",\"breadcrumb\":{\"@id\":\"https:\/\/www.numerus21.fr\/contactez-nous\/#breadcrumb\"},\"inLanguage\":\"en-US\",\"potentialAction\":[{\"@type\":\"ReadAction\",\"target\":[\"https:\/\/www.numerus21.fr\/contactez-nous\/\"]}]},{\"@type\":\"BreadcrumbList\",\"@id\":\"https:\/\/www.numerus21.fr\/contactez-nous\/#breadcrumb\",\"itemListElement\":[{\"@type\":\"ListItem\",\"position\":1,\"name\":\"Accueil\",\"item\":\"https:\/\/www.numerus21.fr\/\"},{\"@type\":\"ListItem\",\"position\":2,\"name\":\"Contactez nous\"}]},{\"@type\":\"WebSite\",\"@id\":\"https:\/\/www.numerus21.fr\/#website\",\"url\":\"https:\/\/www.numerus21.fr\/\",\"name\":\"Numerus21.fr\",\"description\":\"R\u00e9seaux &amp; T\u00e9l\u00e9coms\",\"publisher\":{\"@id\":\"https:\/\/www.numerus21.fr\/#organization\"},\"potentialAction\":[{\"@type\":\"SearchAction\",\"target\":{\"@type\":\"EntryPoint\",\"urlTemplate\":\"https:\/\/www.numerus21.fr\/?s={search_term_string}\"},\"query-input\":{\"@type\":\"PropertyValueSpecification\",\"valueRequired\":true,\"valueName\":\"search_term_string\"}}],\"inLanguage\":\"en-US\"},{\"@type\":\"Organization\",\"@id\":\"https:\/\/www.numerus21.fr\/#organization\",\"name\":\"numerus21\",\"url\":\"https:\/\/www.numerus21.fr\/\",\"logo\":{\"@type\":\"ImageObject\",\"inLanguage\":\"en-US\",\"@id\":\"https:\/\/www.numerus21.fr\/#\/schema\/logo\/image\/\",\"url\":\"https:\/\/www.numerus21.fr\/wp-content\/uploads\/2019\/11\/logo.png\",\"contentUrl\":\"https:\/\/www.numerus21.fr\/wp-content\/uploads\/2019\/11\/logo.png\",\"width\":260,\"height\":84,\"caption\":\"numerus21\"},\"image\":{\"@id\":\"https:\/\/www.numerus21.fr\/#\/schema\/logo\/image\/\"}}]}<\/script>\n<!-- \/ Yoast SEO plugin. -->","yoast_head_json":{"title":"Contactez nous &#8902; Numerus21.fr","robots":{"index":"index","follow":"follow","max-snippet":"max-snippet:-1","max-image-preview":"max-image-preview:large","max-video-preview":"max-video-preview:-1"},"canonical":"https:\/\/www.numerus21.fr\/en\/contactez-nous\/","og_locale":"en_US","og_type":"article","og_title":"Contactez nous &#8902; Numerus21.fr","og_url":"https:\/\/www.numerus21.fr\/en\/contactez-nous\/","og_site_name":"Numerus21.fr","article_modified_time":"2020-02-19T15:24:06+00:00","twitter_card":"summary_large_image","twitter_misc":{"Est. reading time":"2 minutes"},"schema":{"@context":"https:\/\/schema.org","@graph":[{"@type":"WebPage","@id":"https:\/\/www.numerus21.fr\/contactez-nous\/","url":"https:\/\/www.numerus21.fr\/contactez-nous\/","name":"Contactez nous &#8902; Numerus21.fr","isPartOf":{"@id":"https:\/\/www.numerus21.fr\/#website"},"datePublished":"2018-11-24T11:04:53+00:00","dateModified":"2020-02-19T15:24:06+00:00","breadcrumb":{"@id":"https:\/\/www.numerus21.fr\/contactez-nous\/#breadcrumb"},"inLanguage":"en-US","potentialAction":[{"@type":"ReadAction","target":["https:\/\/www.numerus21.fr\/contactez-nous\/"]}]},{"@type":"BreadcrumbList","@id":"https:\/\/www.numerus21.fr\/contactez-nous\/#breadcrumb","itemListElement":[{"@type":"ListItem","position":1,"name":"Accueil","item":"https:\/\/www.numerus21.fr\/"},{"@type":"ListItem","position":2,"name":"Contactez nous"}]},{"@type":"WebSite","@id":"https:\/\/www.numerus21.fr\/#website","url":"https:\/\/www.numerus21.fr\/","name":"Numerus21.fr","description":"R\u00e9seaux &amp; T\u00e9l\u00e9coms","publisher":{"@id":"https:\/\/www.numerus21.fr\/#organization"},"potentialAction":[{"@type":"SearchAction","target":{"@type":"EntryPoint","urlTemplate":"https:\/\/www.numerus21.fr\/?s={search_term_string}"},"query-input":{"@type":"PropertyValueSpecification","valueRequired":true,"valueName":"search_term_string"}}],"inLanguage":"en-US"},{"@type":"Organization","@id":"https:\/\/www.numerus21.fr\/#organization","name":"numerus21","url":"https:\/\/www.numerus21.fr\/","logo":{"@type":"ImageObject","inLanguage":"en-US","@id":"https:\/\/www.numerus21.fr\/#\/schema\/logo\/image\/","url":"https:\/\/www.numerus21.fr\/wp-content\/uploads\/2019\/11\/logo.png","contentUrl":"https:\/\/www.numerus21.fr\/wp-content\/uploads\/2019\/11\/logo.png","width":260,"height":84,"caption":"numerus21"},"image":{"@id":"https:\/\/www.numerus21.fr\/#\/schema\/logo\/image\/"}}]}},"_links":{"self":[{"href":"https:\/\/www.numerus21.fr\/en\/wp-json\/wp\/v2\/pages\/491","targetHints":{"allow":["GET"]}}],"collection":[{"href":"https:\/\/www.numerus21.fr\/en\/wp-json\/wp\/v2\/pages"}],"about":[{"href":"https:\/\/www.numerus21.fr\/en\/wp-json\/wp\/v2\/types\/page"}],"author":[{"embeddable":true,"href":"https:\/\/www.numerus21.fr\/en\/wp-json\/wp\/v2\/users\/1"}],"replies":[{"embeddable":true,"href":"https:\/\/www.numerus21.fr\/en\/wp-json\/wp\/v2\/comments?post=491"}],"version-history":[{"count":28,"href":"https:\/\/www.numerus21.fr\/en\/wp-json\/wp\/v2\/pages\/491\/revisions"}],"predecessor-version":[{"id":3251,"href":"https:\/\/www.numerus21.fr\/en\/wp-json\/wp\/v2\/pages\/491\/revisions\/3251"}],"wp:attachment":[{"href":"https:\/\/www.numerus21.fr\/en\/wp-json\/wp\/v2\/media?parent=491"}],"curies":[{"name":"wp","href":"https:\/\/api.w.org\/{rel}","templated":true}]}}